{"id":259,"date":"2023-09-12T10:53:06","date_gmt":"2023-09-12T08:53:06","guid":{"rendered":"https:\/\/cfnorge.bwod.dev\/?page_id=259"},"modified":"2025-11-10T15:11:41","modified_gmt":"2025-11-10T14:11:41","slug":"brosjyrer","status":"publish","type":"page","link":"https:\/\/cfnorge.no\/en\/brosjyrer\/","title":{"rendered":"Brochures"},"content":{"rendered":"<p>[et_pb_section fb_built=&raquo;1&#8243; _builder_version=&raquo;4.21.0&#8243; _module_preset=&raquo;default&raquo; background_color=&raquo;gcid-9e2f3af2-1007-4221-b250-8e35d98c5991&#8243; background_enable_image=&raquo;off&raquo; background_size=&raquo;custom&raquo; background_image_width=&raquo;101%&raquo; global_colors_info=&raquo;{%22gcid-9e2f3af2-1007-4221-b250-8e35d98c5991%22:%91%22background_color%22%93}&raquo;][et_pb_row _builder_version=&raquo;4.21.0&#8243; _module_preset=&raquo;default&raquo; global_colors_info=&raquo;{}&raquo;][et_pb_column type=&raquo;4_4&#8243; _builder_version=&raquo;4.21.0&#8243; _module_preset=&raquo;default&raquo; global_colors_info=&raquo;{}&raquo;][et_pb_text _builder_version=&raquo;4.21.0&#8243; _module_preset=&raquo;default&raquo; header_font=&raquo;Poppins|600|||||||&raquo; header_text_color=&raquo;gcid-26e97d0d-b127-4ce1-b597-0df3fb01df24&#8243; header_font_size=&raquo;50px&raquo; custom_margin=&raquo;||1px|||&raquo; global_colors_info=&raquo;{%22gcid-26e97d0d-b127-4ce1-b597-0df3fb01df24%22:%91%22header_text_color%22%93}&raquo;]<\/p>\n<h1>Brochures<\/h1>\n<p>[\/et_pb_text][et_pb_text _builder_version=&raquo;4.21.0&#8243; _module_preset=&raquo;default&raquo; text_text_color=&raquo;gcid-26e97d0d-b127-4ce1-b597-0df3fb01df24&#8243; text_font_size=&raquo;16px&raquo; global_colors_info=&raquo;{%22gcid-26e97d0d-b127-4ce1-b597-0df3fb01df24%22:%91%22text_text_color%22%93}&raquo;]<\/p>\n<p>We are proud and happy to present our new brochures on cystic fibrosis. The significant advances in CF treatment in Norway in recent years have created a need to update our informational materials. Many of our members are now experiencing a changed everyday life, and it is important that this is reflected in the information we share.<\/p>\n<p>Therefore, we have developed a new, comprehensive brochure called \"Living with CF\". It covers most aspects of life with CF, from medical information to support for different life stages and information for relatives. The brochure is available in both Norwegian and English. In addition, we offer smaller, topic-specific brochures that focus on individual themes and can be used separately as needed.<\/p>\n<p>We hope that the CF brochures, which you can download digitally below, will be a valuable resource for our members or others who want more information about life with cystic fibrosis. If you would like one or more brochures sent to you (with shipping costs covered by you), you can contact<span>\u00a0<\/span><a href=\"mailto:ylva@cystiskfibroseforeningen.no\">ylva@cystiskfibroseforeningen.no<\/a><\/p>\n<p>[\/et_pb_text][\/et_pb_column][\/et_pb_row][et_pb_row column_structure=&raquo;1_5,1_5,1_5,1_5,1_5&#8243; _builder_version=&raquo;4.21.0&#8243; _module_preset=&raquo;default&raquo; global_colors_info=&raquo;{}&raquo;][et_pb_column type=&raquo;1_5&#8243; _builder_version=&raquo;4.21.0&#8243; _module_preset=&raquo;default&raquo; global_colors_info=&raquo;{}&raquo;][et_pb_image src=&raquo;https:\/\/cfnorge.no\/wp-content\/uploads\/2025\/11\/Borosjyre_A-leve-med-CF_Forside.jpg&raquo; title_text=&raquo;Borosjyre_A-leve-med-CF_Forside&raquo; url=&raquo;https:\/\/cfnorge.no\/wp-content\/uploads\/2025\/10\/A-leve-med-CF.pdf&raquo; url_new_window=&raquo;on&raquo; _builder_version=&raquo;4.21.0&#8243; _module_preset=&raquo;default&raquo; custom_margin=&raquo;||18px|||&raquo; global_colors_info=&raquo;{}&raquo;][\/et_pb_image][et_pb_button button_url=&raquo;https:\/\/cfnorge.no\/wp-content\/uploads\/2025\/10\/A-leve-med-CF.pdf&raquo; button_text=&raquo;\u00c5 leve med CF&raquo; button_alignment=&raquo;center&raquo; _builder_version=&raquo;4.21.0&#8243; _module_preset=&raquo;default&raquo; custom_button=&raquo;on&raquo; button_text_size=&raquo;14px&raquo; button_text_color=&raquo;#FFFFFF&raquo; button_bg_color=&raquo;gcid-edcc47c2-e936-4ba2-8e6c-8ca8cb2c2a05&#8243; button_border_width=&raquo;0px&raquo; button_border_radius=&raquo;30px&raquo; global_colors_info=&raquo;{%22gcid-edcc47c2-e936-4ba2-8e6c-8ca8cb2c2a05%22:%91%22button_bg_color%22%93}&raquo;][\/et_pb_button][\/et_pb_column][et_pb_column type=&raquo;1_5&#8243; _builder_version=&raquo;4.21.0&#8243; _module_preset=&raquo;default&raquo; global_colors_info=&raquo;{}&raquo;][et_pb_image src=&raquo;https:\/\/cfnorge.no\/wp-content\/uploads\/2025\/11\/Brosjyre_parorende_Forside.jpg&raquo; title_text=&raquo;Brosjyre_parorende_Forside&raquo; url=&raquo;https:\/\/cfnorge.no\/wp-content\/uploads\/2025\/10\/Brosjyre_parorende_siste01_15.09.2025.pdf&raquo; url_new_window=&raquo;on&raquo; _builder_version=&raquo;4.21.0&#8243; _module_preset=&raquo;default&raquo; custom_margin=&raquo;||18px||false|false&raquo; global_colors_info=&raquo;{}&raquo;][\/et_pb_image][et_pb_button button_url=&raquo;https:\/\/cfnorge.no\/wp-content\/uploads\/2025\/10\/Brosjyre_parorende_siste01_15.09.2025.pdf&raquo; button_text=&raquo;P\u00e5r\u00f8rende&raquo; button_alignment=&raquo;center&raquo; _builder_version=&raquo;4.21.0&#8243; _module_preset=&raquo;default&raquo; custom_button=&raquo;on&raquo; button_text_size=&raquo;14px&raquo; button_text_color=&raquo;#FFFFFF&raquo; button_bg_color=&raquo;gcid-edcc47c2-e936-4ba2-8e6c-8ca8cb2c2a05&#8243; button_border_width=&raquo;0px&raquo; button_border_radius=&raquo;30px&raquo; global_colors_info=&raquo;{%22gcid-edcc47c2-e936-4ba2-8e6c-8ca8cb2c2a05%22:%91%22button_bg_color%22%93}&raquo;][\/et_pb_button][\/et_pb_column][et_pb_column type=&raquo;1_5&#8243; _builder_version=&raquo;4.21.0&#8243; _module_preset=&raquo;default&raquo; global_colors_info=&raquo;{}&raquo;][et_pb_image src=&raquo;https:\/\/cfnorge.no\/wp-content\/uploads\/2025\/11\/Brosjyre_livsfaser_med_CF_forside.jpg&raquo; title_text=&raquo;Brosjyre_livsfaser_med_CF_forside&raquo; url=&raquo;https:\/\/cfnorge.no\/wp-content\/uploads\/2025\/10\/Brosjyre_livsfaser_med_CF_siste01_15.09.2025.pdf&raquo; url_new_window=&raquo;on&raquo; _builder_version=&raquo;4.21.0&#8243; _module_preset=&raquo;default&raquo; custom_margin=&raquo;||18px||false|false&raquo; global_colors_info=&raquo;{}&raquo;][\/et_pb_image][et_pb_button button_url=&raquo;https:\/\/cfnorge.no\/wp-content\/uploads\/2025\/10\/Brosjyre_livsfaser_med_CF_siste01_15.09.2025.pdf&raquo; button_text=&raquo;Livsfaser med CF&raquo; button_alignment=&raquo;center&raquo; _builder_version=&raquo;4.21.0&#8243; _module_preset=&raquo;default&raquo; custom_button=&raquo;on&raquo; button_text_size=&raquo;14px&raquo; button_text_color=&raquo;#FFFFFF&raquo; button_bg_color=&raquo;gcid-edcc47c2-e936-4ba2-8e6c-8ca8cb2c2a05&#8243; button_border_width=&raquo;0px&raquo; button_border_radius=&raquo;30px&raquo; global_colors_info=&raquo;{%22gcid-edcc47c2-e936-4ba2-8e6c-8ca8cb2c2a05%22:%91%22button_bg_color%22%93}&raquo;][\/et_pb_button][\/et_pb_column][et_pb_column type=&raquo;1_5&#8243; _builder_version=&raquo;4.21.0&#8243; _module_preset=&raquo;default&raquo; global_colors_info=&raquo;{}&raquo;][et_pb_image src=&raquo;https:\/\/cfnorge.no\/wp-content\/uploads\/2025\/11\/Brosjyre_cystisk_fibrose_forside.jpg&raquo; title_text=&raquo;Brosjyre_cystisk_fibrose_forside&raquo; url=&raquo;https:\/\/cfnorge.no\/wp-content\/uploads\/2025\/10\/Brosjyre_cystisk_fibrose_siste01_15.09.2025.pdf&raquo; url_new_window=&raquo;on&raquo; _builder_version=&raquo;4.21.0&#8243; _module_preset=&raquo;default&raquo; custom_margin=&raquo;||18px||false|false&raquo; global_colors_info=&raquo;{}&raquo;][\/et_pb_image][et_pb_button button_url=&raquo;https:\/\/cfnorge.no\/wp-content\/uploads\/2025\/10\/Brosjyre_cystisk_fibrose_siste01_15.09.2025.pdf&raquo; button_text=&raquo;Cystisk fibrose&raquo; button_alignment=&raquo;center&raquo; _builder_version=&raquo;4.21.0&#8243; _module_preset=&raquo;default&raquo; custom_button=&raquo;on&raquo; button_text_size=&raquo;14px&raquo; button_text_color=&raquo;#FFFFFF&raquo; button_bg_color=&raquo;gcid-edcc47c2-e936-4ba2-8e6c-8ca8cb2c2a05&#8243; button_border_width=&raquo;0px&raquo; button_border_radius=&raquo;30px&raquo; global_colors_info=&raquo;{%22gcid-edcc47c2-e936-4ba2-8e6c-8ca8cb2c2a05%22:%91%22button_bg_color%22%93}&raquo;][\/et_pb_button][\/et_pb_column][et_pb_column type=&raquo;1_5&#8243; _builder_version=&raquo;4.21.0&#8243; _module_preset=&raquo;default&raquo; global_colors_info=&raquo;{}&raquo;][et_pb_image src=&raquo;https:\/\/cfnorge.no\/wp-content\/uploads\/2025\/11\/Brosjyre_Living-with-CF_Forside.jpg&raquo; title_text=&raquo;Brosjyre_Living-with-CF_Forside&raquo; url=&raquo;https:\/\/cfnorge.no\/wp-content\/uploads\/2025\/10\/Living-with-CF.pdf&raquo; url_new_window=&raquo;on&raquo; _builder_version=&raquo;4.21.0&#8243; _module_preset=&raquo;default&raquo; custom_margin=&raquo;||18px||false|false&raquo; global_colors_info=&raquo;{}&raquo;][\/et_pb_image][et_pb_button button_url=&raquo;https:\/\/cfnorge.no\/wp-content\/uploads\/2025\/10\/Living-with-CF.pdf&raquo; button_text=&raquo;Living with CF&raquo; button_alignment=&raquo;center&raquo; _builder_version=&raquo;4.21.0&#8243; _module_preset=&raquo;default&raquo; custom_button=&raquo;on&raquo; button_text_size=&raquo;14px&raquo; button_text_color=&raquo;#FFFFFF&raquo; button_bg_color=&raquo;gcid-edcc47c2-e936-4ba2-8e6c-8ca8cb2c2a05&#8243; button_border_width=&raquo;0px&raquo; button_border_radius=&raquo;30px&raquo; global_colors_info=&raquo;{%22gcid-edcc47c2-e936-4ba2-8e6c-8ca8cb2c2a05%22:%91%22button_bg_color%22%93}&raquo;][\/et_pb_button][\/et_pb_column][\/et_pb_row][et_pb_row column_structure=&raquo;1_2,1_2&#8243; _builder_version=&raquo;4.21.0&#8243; _module_preset=&raquo;default&raquo; custom_margin=&raquo;27px|auto||auto||&raquo; global_colors_info=&raquo;{}&raquo;][et_pb_column type=&raquo;1_2&#8243; _builder_version=&raquo;4.21.0&#8243; _module_preset=&raquo;default&raquo; global_colors_info=&raquo;{}&raquo;][et_pb_image src=&raquo;https:\/\/cfnorge.no\/wp-content\/uploads\/2025\/10\/redigert1.jpg&raquo; title_text=&raquo;redigert1&#8243; _builder_version=&raquo;4.21.0&#8243; _module_preset=&raquo;default&raquo; global_colors_info=&raquo;{}&raquo;][\/et_pb_image][\/et_pb_column][et_pb_column type=&raquo;1_2&#8243; _builder_version=&raquo;4.21.0&#8243; _module_preset=&raquo;default&raquo; global_colors_info=&raquo;{}&raquo;][et_pb_image src=&raquo;https:\/\/cfnorge.no\/wp-content\/uploads\/2025\/10\/redigert-4.jpg&raquo; title_text=&raquo;redigert 4&#8243; _builder_version=&raquo;4.21.0&#8243; _module_preset=&raquo;default&raquo; global_colors_info=&raquo;{}&raquo;][\/et_pb_image][\/et_pb_column][\/et_pb_row][\/et_pb_section][et_pb_section fb_built=&raquo;1&#8243; _builder_version=&raquo;4.21.0&#8243; _module_preset=&raquo;default&raquo; background_color=&raquo;gcid-f60bfea8-f451-489d-8bfd-27e12ee36365&#8243; global_colors_info=&raquo;{%22gcid-f60bfea8-f451-489d-8bfd-27e12ee36365%22:%91%22background_color%22%93}&raquo;][et_pb_row column_structure=&raquo;1_2,1_2&#8243; _builder_version=&raquo;4.21.0&#8243; _module_preset=&raquo;default&raquo; global_colors_info=&raquo;{}&raquo;][et_pb_column type=&raquo;1_2&#8243; _builder_version=&raquo;4.21.0&#8243; _module_preset=&raquo;default&raquo; global_colors_info=&raquo;{}&raquo;][et_pb_image src=&raquo;https:\/\/cfnorge.no\/wp-content\/uploads\/2023\/08\/Stott-oss-illustrasjon-CF-1.png&raquo; title_text=&raquo;St\u00f8tt-oss-illustrasjon-CF&raquo; _builder_version=&raquo;4.21.0&#8243; _module_preset=&raquo;default&raquo; width=&raquo;70%&raquo; module_alignment=&raquo;center&raquo; global_colors_info=&raquo;{}&raquo;][\/et_pb_image][\/et_pb_column][et_pb_column type=&raquo;1_2&#8243; _builder_version=&raquo;4.21.0&#8243; _module_preset=&raquo;default&raquo; global_colors_info=&raquo;{}&raquo;][et_pb_text _builder_version=&raquo;4.21.0&#8243; _module_preset=&raquo;default&raquo; header_2_font=&raquo;Poppins|600|||||||&raquo; header_2_text_color=&raquo;#FFFFFF&raquo; header_2_font_size=&raquo;40px&raquo; header_3_font=&raquo;Poppins||||||||&raquo; header_3_text_color=&raquo;#FFFFFF&raquo; header_3_line_height=&raquo;1.5em&raquo; custom_margin=&raquo;50px|||||&raquo; global_colors_info=&raquo;{}&raquo;]<\/p>\n<h2>Support us<\/h2>\n<h3>We are grateful for all<br \/>\ncontributions to our work.<\/h3>\n<p>[\/et_pb_text][et_pb_button button_url=&raquo;@ET-DC@eyJkeW5hbWljIjp0cnVlLCJjb250ZW50IjoicG9zdF9saW5rX3VybF9wYWdlIiwic2V0dGluZ3MiOnsicG9zdF9pZCI6IjQ1NyJ9fQ==@&raquo; button_text=&raquo;LES HVORDAN HER&raquo; _builder_version=&raquo;4.21.0&#8243; _dynamic_attributes=&raquo;button_url&raquo; _module_preset=&raquo;default&raquo; custom_button=&raquo;on&raquo; button_text_size=&raquo;16px&raquo; button_text_color=&raquo;#FFFFFF&raquo; button_bg_color=&raquo;gcid-edcc47c2-e936-4ba2-8e6c-8ca8cb2c2a05&#8243; button_border_width=&raquo;0px&raquo; button_border_radius=&raquo;100px&raquo; global_colors_info=&raquo;{%22gcid-edcc47c2-e936-4ba2-8e6c-8ca8cb2c2a05%22:%91%22button_bg_color%22%93}&raquo;][\/et_pb_button][\/et_pb_column][\/et_pb_row][\/et_pb_section]<\/p>","protected":false},"excerpt":{"rendered":"<p>BrosjyrerVi er stolte og glade over \u00e5 presentere v\u00e5re nye brosjyrer om cystisk fibrose. De betydelige fremskrittene innen cf-behandlingen i Norge i de siste \u00e5rene har f\u00f8rt med seg et behov for fornyelse av v\u00e5rt informasjonsmateriell. Mange av v\u00e5re medlemmer opplever n\u00e5 en endret hverdag, og det er viktig at dette reflekteres i informasjonen vi [&hellip;]<\/p>","protected":false},"author":1,"featured_media":0,"parent":0,"menu_order":0,"comment_status":"closed","ping_status":"closed","template":"","meta":{"_et_pb_use_builder":"on","_et_pb_old_content":"","_et_gb_content_width":"","footnotes":""},"class_list":["post-259","page","type-page","status-publish","hentry"],"yoast_head":"<!-- This site is optimized with the Yoast SEO plugin v26.2 - https:\/\/yoast.com\/wordpress\/plugins\/seo\/ -->\n<title>Brosjyrer om cystisk fibrose (CF) | CF Norge<\/title>\n<meta name=\"description\" content=\"Brosjyrene skal v\u00e6re en verdifull ressurs for v\u00e5re medlemmer, eller andre som \u00f8nsker mer informasjon om livet med cystisk fibrose.\" \/>\n<meta name=\"robots\" content=\"index, follow, max-snippet:-1, max-image-preview:large, max-video-preview:-1\" \/>\n<link rel=\"canonical\" href=\"https:\/\/cfnorge.no\/en\/brosjyrer\/\" \/>\n<meta property=\"og:locale\" content=\"en_GB\" \/>\n<meta property=\"og:type\" content=\"article\" \/>\n<meta property=\"og:title\" content=\"Brosjyrer om cystisk fibrose (CF) | CF Norge\" \/>\n<meta property=\"og:description\" content=\"Brosjyrene skal v\u00e6re en verdifull ressurs for v\u00e5re medlemmer, eller andre som \u00f8nsker mer informasjon om livet med cystisk fibrose.\" \/>\n<meta property=\"og:url\" content=\"https:\/\/cfnorge.no\/en\/brosjyrer\/\" \/>\n<meta property=\"og:site_name\" content=\"CF Norge\" \/>\n<meta property=\"article:modified_time\" content=\"2025-11-10T14:11:41+00:00\" \/>\n<meta name=\"twitter:card\" content=\"summary_large_image\" \/>\n<meta name=\"twitter:label1\" content=\"Estimated reading time\" \/>\n\t<meta name=\"twitter:data1\" content=\"3 minutes\" \/>\n<script type=\"application\/ld+json\" class=\"yoast-schema-graph\">{\"@context\":\"https:\/\/schema.org\",\"@graph\":[{\"@type\":\"WebPage\",\"@id\":\"https:\/\/cfnorge.no\/brosjyrer\/\",\"url\":\"https:\/\/cfnorge.no\/brosjyrer\/\",\"name\":\"Brosjyrer om cystisk fibrose (CF) | CF Norge\",\"isPartOf\":{\"@id\":\"https:\/\/cfnorge.no\/#website\"},\"datePublished\":\"2023-09-12T08:53:06+00:00\",\"dateModified\":\"2025-11-10T14:11:41+00:00\",\"description\":\"Brosjyrene skal v\u00e6re en verdifull ressurs for v\u00e5re medlemmer, eller andre som \u00f8nsker mer informasjon om livet med cystisk fibrose.\",\"breadcrumb\":{\"@id\":\"https:\/\/cfnorge.no\/brosjyrer\/#breadcrumb\"},\"inLanguage\":\"en-GB\",\"potentialAction\":[{\"@type\":\"ReadAction\",\"target\":[\"https:\/\/cfnorge.no\/brosjyrer\/\"]}]},{\"@type\":\"BreadcrumbList\",\"@id\":\"https:\/\/cfnorge.no\/brosjyrer\/#breadcrumb\",\"itemListElement\":[{\"@type\":\"ListItem\",\"position\":1,\"name\":\"Hjem\",\"item\":\"https:\/\/cfnorge.no\/\"},{\"@type\":\"ListItem\",\"position\":2,\"name\":\"Brosjyrer\"}]},{\"@type\":\"WebSite\",\"@id\":\"https:\/\/cfnorge.no\/#website\",\"url\":\"https:\/\/cfnorge.no\/\",\"name\":\"CF Norge\",\"description\":\"\",\"publisher\":{\"@id\":\"https:\/\/cfnorge.no\/#organization\"},\"potentialAction\":[{\"@type\":\"SearchAction\",\"target\":{\"@type\":\"EntryPoint\",\"urlTemplate\":\"https:\/\/cfnorge.no\/?s={search_term_string}\"},\"query-input\":{\"@type\":\"PropertyValueSpecification\",\"valueRequired\":true,\"valueName\":\"search_term_string\"}}],\"inLanguage\":\"en-GB\"},{\"@type\":\"Organization\",\"@id\":\"https:\/\/cfnorge.no\/#organization\",\"name\":\"CF Norge\",\"url\":\"https:\/\/cfnorge.no\/\",\"logo\":{\"@type\":\"ImageObject\",\"inLanguage\":\"en-GB\",\"@id\":\"https:\/\/cfnorge.no\/#\/schema\/logo\/image\/\",\"url\":\"https:\/\/cfnorge.no\/wp-content\/uploads\/2024\/06\/CF-Horisontal-logo-2.png\",\"contentUrl\":\"https:\/\/cfnorge.no\/wp-content\/uploads\/2024\/06\/CF-Horisontal-logo-2.png\",\"width\":12334,\"height\":3827,\"caption\":\"CF Norge\"},\"image\":{\"@id\":\"https:\/\/cfnorge.no\/#\/schema\/logo\/image\/\"}}]}<\/script>\n<!-- \/ Yoast SEO plugin. -->","yoast_head_json":{"title":"Brosjyrer om cystisk fibrose (CF) | CF Norge","description":"Brosjyrene skal v\u00e6re en verdifull ressurs for v\u00e5re medlemmer, eller andre som \u00f8nsker mer informasjon om livet med cystisk fibrose.","robots":{"index":"index","follow":"follow","max-snippet":"max-snippet:-1","max-image-preview":"max-image-preview:large","max-video-preview":"max-video-preview:-1"},"canonical":"https:\/\/cfnorge.no\/en\/brosjyrer\/","og_locale":"en_GB","og_type":"article","og_title":"Brosjyrer om cystisk fibrose (CF) | CF Norge","og_description":"Brosjyrene skal v\u00e6re en verdifull ressurs for v\u00e5re medlemmer, eller andre som \u00f8nsker mer informasjon om livet med cystisk fibrose.","og_url":"https:\/\/cfnorge.no\/en\/brosjyrer\/","og_site_name":"CF Norge","article_modified_time":"2025-11-10T14:11:41+00:00","twitter_card":"summary_large_image","twitter_misc":{"Estimated reading time":"3 minutes"},"schema":{"@context":"https:\/\/schema.org","@graph":[{"@type":"WebPage","@id":"https:\/\/cfnorge.no\/brosjyrer\/","url":"https:\/\/cfnorge.no\/brosjyrer\/","name":"Brosjyrer om cystisk fibrose (CF) | CF Norge","isPartOf":{"@id":"https:\/\/cfnorge.no\/#website"},"datePublished":"2023-09-12T08:53:06+00:00","dateModified":"2025-11-10T14:11:41+00:00","description":"Brosjyrene skal v\u00e6re en verdifull ressurs for v\u00e5re medlemmer, eller andre som \u00f8nsker mer informasjon om livet med cystisk fibrose.","breadcrumb":{"@id":"https:\/\/cfnorge.no\/brosjyrer\/#breadcrumb"},"inLanguage":"en-GB","potentialAction":[{"@type":"ReadAction","target":["https:\/\/cfnorge.no\/brosjyrer\/"]}]},{"@type":"BreadcrumbList","@id":"https:\/\/cfnorge.no\/brosjyrer\/#breadcrumb","itemListElement":[{"@type":"ListItem","position":1,"name":"Hjem","item":"https:\/\/cfnorge.no\/"},{"@type":"ListItem","position":2,"name":"Brosjyrer"}]},{"@type":"WebSite","@id":"https:\/\/cfnorge.no\/#website","url":"https:\/\/cfnorge.no\/","name":"CF Norge","description":"","publisher":{"@id":"https:\/\/cfnorge.no\/#organization"},"potentialAction":[{"@type":"SearchAction","target":{"@type":"EntryPoint","urlTemplate":"https:\/\/cfnorge.no\/?s={search_term_string}"},"query-input":{"@type":"PropertyValueSpecification","valueRequired":true,"valueName":"search_term_string"}}],"inLanguage":"en-GB"},{"@type":"Organization","@id":"https:\/\/cfnorge.no\/#organization","name":"CF Norge","url":"https:\/\/cfnorge.no\/","logo":{"@type":"ImageObject","inLanguage":"en-GB","@id":"https:\/\/cfnorge.no\/#\/schema\/logo\/image\/","url":"https:\/\/cfnorge.no\/wp-content\/uploads\/2024\/06\/CF-Horisontal-logo-2.png","contentUrl":"https:\/\/cfnorge.no\/wp-content\/uploads\/2024\/06\/CF-Horisontal-logo-2.png","width":12334,"height":3827,"caption":"CF Norge"},"image":{"@id":"https:\/\/cfnorge.no\/#\/schema\/logo\/image\/"}}]}},"_links":{"self":[{"href":"https:\/\/cfnorge.no\/en\/wp-json\/wp\/v2\/pages\/259","targetHints":{"allow":["GET"]}}],"collection":[{"href":"https:\/\/cfnorge.no\/en\/wp-json\/wp\/v2\/pages"}],"about":[{"href":"https:\/\/cfnorge.no\/en\/wp-json\/wp\/v2\/types\/page"}],"author":[{"embeddable":true,"href":"https:\/\/cfnorge.no\/en\/wp-json\/wp\/v2\/users\/1"}],"replies":[{"embeddable":true,"href":"https:\/\/cfnorge.no\/en\/wp-json\/wp\/v2\/comments?post=259"}],"version-history":[{"count":9,"href":"https:\/\/cfnorge.no\/en\/wp-json\/wp\/v2\/pages\/259\/revisions"}],"predecessor-version":[{"id":2484,"href":"https:\/\/cfnorge.no\/en\/wp-json\/wp\/v2\/pages\/259\/revisions\/2484"}],"wp:attachment":[{"href":"https:\/\/cfnorge.no\/en\/wp-json\/wp\/v2\/media?parent=259"}],"curies":[{"name":"wp","href":"https:\/\/api.w.org\/{rel}","templated":true}]}}