{"id":474,"date":"2023-09-18T09:09:26","date_gmt":"2023-09-18T07:09:26","guid":{"rendered":"https:\/\/cfnorge.bwod.dev\/?page_id=474"},"modified":"2025-06-25T12:28:53","modified_gmt":"2025-06-25T10:28:53","slug":"moter-og-treffpunkt-for-ncfc","status":"publish","type":"page","link":"https:\/\/cfnorge.no\/en\/om-oss\/moter-og-treffpunkt-for-ncfc\/","title":{"rendered":"NCFC meetings and events"},"content":{"rendered":"<p>[et_pb_section fb_built=&raquo;1&#8243; next_background_color=&raquo;#ffffff&raquo; _builder_version=&raquo;4.21.0&#8243; _module_preset=&raquo;default&raquo; background_color=&raquo;gcid-9e2f3af2-1007-4221-b250-8e35d98c5991&#8243; background_enable_image=&raquo;off&raquo; background_size=&raquo;custom&raquo; background_image_width=&raquo;101%&raquo; custom_padding=&raquo;||90px|||&raquo; bottom_divider_style=&raquo;wave&raquo; locked=&raquo;off&raquo; global_colors_info=&raquo;{%22gcid-9e2f3af2-1007-4221-b250-8e35d98c5991%22:%91%22background_color%22%93}&raquo;][et_pb_row _builder_version=&raquo;4.21.0&#8243; _module_preset=&raquo;default&raquo; custom_padding=&raquo;11px||4px|||&raquo; global_colors_info=&raquo;{}&raquo;][et_pb_column type=&raquo;4_4&#8243; _builder_version=&raquo;4.21.0&#8243; _module_preset=&raquo;default&raquo; global_colors_info=&raquo;{}&raquo;][et_pb_text _builder_version=&raquo;4.21.0&#8243; _module_preset=&raquo;default&raquo; header_font=&raquo;Poppins|600|||||||&raquo; header_text_color=&raquo;gcid-26e97d0d-b127-4ce1-b597-0df3fb01df24&#8243; header_line_height=&raquo;1.4em&raquo; custom_margin=&raquo;0px||0px||false|false&raquo; custom_padding=&raquo;0px||0px||false|false&raquo; global_colors_info=&raquo;{%22gcid-26e97d0d-b127-4ce1-b597-0df3fb01df24%22:%91%22header_text_color%22%93}&raquo;]<\/p>\n<h1>Meetings and Gatherings for NFCF<\/h1>\n<p>[\/et_pb_text][\/et_pb_column][\/et_pb_row][et_pb_row _builder_version=&raquo;4.21.0&#8243; _module_preset=&raquo;default&raquo; custom_margin=&raquo;0px||||false|false&raquo; custom_padding=&raquo;0px||||false|false&raquo; global_colors_info=&raquo;{}&raquo;][et_pb_column type=&raquo;4_4&#8243; _builder_version=&raquo;4.21.0&#8243; _module_preset=&raquo;default&raquo; global_colors_info=&raquo;{}&raquo;][et_pb_text _builder_version=&raquo;4.21.0&#8243; _module_preset=&raquo;default&raquo; text_font=&raquo;Poppins|300|||||||&raquo; text_text_color=&raquo;gcid-26e97d0d-b127-4ce1-b597-0df3fb01df24&#8243; text_font_size=&raquo;16px&raquo; text_line_height=&raquo;1.8em&raquo; global_colors_info=&raquo;{%22gcid-26e97d0d-b127-4ce1-b597-0df3fb01df24%22:%91%22text_text_color%22%93}&raquo;]<\/p>\n<p>Every year, NFCF organizes a Learning Weekend. This weekend is central for everyone with CF and PCD, as well as their relatives, providing an opportunity to come together, share experiences, and receive updated information on treatment and rights. We also hold a digital annual meeting open to all members.\u00a0<\/p>\n<p>In addition to the Learning Weekend and the digital annual meeting, regional gatherings are held throughout the year. For more information about the regional meeting places and events, see the overview below. <strong><a href=\"https:\/\/cfnorge.no\/en\/om-oss\/nfcf-organisasjonsstruktur-og-administrasjon\/\">NFCF's organizational structure and administration<\/a><\/strong><\/p>\n<h1><\/h1>\n<p>[\/et_pb_text][\/et_pb_column][\/et_pb_row][\/et_pb_section][et_pb_section fb_built=&raquo;1&#8243; _builder_version=&raquo;4.21.0&#8243; _module_preset=&raquo;default&raquo; global_colors_info=&raquo;{}&raquo;][et_pb_row _builder_version=&raquo;4.21.0&#8243; _module_preset=&raquo;default&raquo; global_colors_info=&raquo;{}&raquo;][et_pb_column type=&raquo;4_4&#8243; _builder_version=&raquo;4.21.0&#8243; _module_preset=&raquo;default&raquo; global_colors_info=&raquo;{}&raquo;][et_pb_image src=&raquo;https:\/\/cfnorge.bwod.dev\/wp-content\/uploads\/2024\/06\/Bilde-til-nyhetsbrev-laeringsdag.png&raquo; title_text=&raquo;Bilde til nyhetsbrev l\u00e6ringsdag&raquo; _builder_version=&raquo;4.21.0&#8243; _module_preset=&raquo;default&raquo; global_colors_info=&raquo;{}&raquo;][\/et_pb_image][\/et_pb_column][\/et_pb_row][\/et_pb_section][et_pb_section fb_built=&raquo;1&#8243; custom_padding_last_edited=&raquo;on|phone&raquo; _builder_version=&raquo;4.21.0&#8243; _module_preset=&raquo;default&raquo; background_color=&raquo;#FFFFFF&raquo; custom_padding_tablet=&raquo;&raquo; custom_padding_phone=&raquo;0px||||false|false&raquo; global_colors_info=&raquo;{}&raquo;][et_pb_row _builder_version=&raquo;4.21.0&#8243; _module_preset=&raquo;default&raquo; global_colors_info=&raquo;{}&raquo;][et_pb_column type=&raquo;4_4&#8243; _builder_version=&raquo;4.21.0&#8243; _module_preset=&raquo;default&raquo; global_colors_info=&raquo;{}&raquo;][et_pb_text quote_border_color=&raquo;gcid-edcc47c2-e936-4ba2-8e6c-8ca8cb2c2a05&#8243; _builder_version=&raquo;4.21.0&#8243; _module_preset=&raquo;default&raquo; text_font=&raquo;Poppins|300|||||||&raquo; text_text_color=&raquo;gcid-26e97d0d-b127-4ce1-b597-0df3fb01df24&#8243; text_font_size=&raquo;16px&raquo; text_line_height=&raquo;1.8em&raquo; link_font=&raquo;Poppins|500|||||||&raquo; link_text_color=&raquo;gcid-edcc47c2-e936-4ba2-8e6c-8ca8cb2c2a05&#8243; global_colors_info=&raquo;{%22gcid-26e97d0d-b127-4ce1-b597-0df3fb01df24%22:%91%22text_text_color%22%93,%22gcid-edcc47c2-e936-4ba2-8e6c-8ca8cb2c2a05%22:%91%22quote_border_color%22,%22link_text_color%22%93}&raquo;]<\/p>\n<h2><span style=\"color: #050267;\"><b>Learning Weekend <\/b><\/span><\/h2>\n<p><span style=\"color: #050267;\">Every year in April, NFCF holds its main gathering, formerly known as the Learning Day and Annual Meeting Weekend. This is the association\u2019s largest event. In 2025, we have transformed the weekend into a dedicated Learning Weekend, where more time will be spent on activities and professional content. For more information about this year\u2019s Learning Weekend, see <a href=\"https:\/\/cfnorge.no\/en\/laeringshelgen-2025\/?et_fb=1&amp;PageSpeed=off\">this site.\u00a0<\/a><\/span><\/p>\n<p>During this weekend, NFCF members\u2014including individuals with CF and PCD, their families and relatives, the association\u2019s elected representatives, healthcare professionals from various regions, and representatives from the Norwegian Cystic Fibrosis Center\u2014come together. The event also includes invited guest speakers.<\/p>\n<p>The professional program for the Learning Weekend is adapted for different age groups and is developed by NFCF\u2019s Expert Advisory Board in collaboration with the Patient Education Center (LMS) at the nearest hospital with CF expertise. Responsibility for organizing the event rotates among NFCF\u2019s four regions.<\/p>\n<p>The weekend features a variety of activities and programs, including a dedicated youth event. It also serves as an important platform for peer support, where many meaningful peer conversations take place. The weekend includes a gala dinner with entertainment and awards, providing a great opportunity for experience sharing and making new connections.<\/p>\n<p>For members with CF who cannot attend in person, participation via Skype is available by arranging it with the board at <a rel=\"noreferrer\">post@nfcf.no<\/a>.<\/p>\n<p>We warmly welcome all our members to this important weekend!<\/p>\n<div class=\"group\/conversation-turn relative flex w-full min-w-0 flex-col agent-turn\">\n<div class=\"flex-col gap-1 md:gap-3\">\n<div class=\"flex flex-grow flex-col max-w-full\">\n<div data-message-author-role=\"assistant\" data-message-id=\"e6de6d37-0e23-4c75-8295-4591f23414de\" dir=\"auto\" class=\"min-h-[20px] text-message flex flex-col items-start whitespace-pre-wrap break-words [.text-message+&amp;]:mt-5 juice:w-full juice:items-end overflow-x-auto gap-2\">\n<div class=\"flex w-full flex-col gap-1 juice:empty:hidden juice:first:pt-[3px]\">\n<div class=\"markdown prose w-full break-words dark:prose-invert light\"><\/div>\n<\/div>\n<\/div>\n<\/div>\n<\/div>\n<\/div>\n<blockquote><\/blockquote>\n<p>[\/et_pb_text][\/et_pb_column][\/et_pb_row][\/et_pb_section][et_pb_section fb_built=&raquo;1&#8243; disabled_on=&raquo;on|on|off&raquo; _builder_version=&raquo;4.21.0&#8243; _module_preset=&raquo;default&raquo; background_color=&raquo;gcid-edcc47c2-e936-4ba2-8e6c-8ca8cb2c2a05&#8243; custom_padding=&raquo;||0px||false|false&raquo; locked=&raquo;off&raquo; global_colors_info=&raquo;{%22gcid-edcc47c2-e936-4ba2-8e6c-8ca8cb2c2a05%22:%91%22background_color%22%93}&raquo;][et_pb_row column_structure=&raquo;1_2,1_2&#8243; use_custom_gutter=&raquo;on&raquo; gutter_width=&raquo;1&#8243; _builder_version=&raquo;4.21.0&#8243; _module_preset=&raquo;default&raquo; custom_padding=&raquo;||0px||false|false&raquo; global_colors_info=&raquo;{}&raquo;][et_pb_column type=&raquo;1_2&#8243; _builder_version=&raquo;4.21.0&#8243; _module_preset=&raquo;default&raquo; global_colors_info=&raquo;{}&raquo;][et_pb_image src=&raquo;https:\/\/cfnorge.bwod.dev\/wp-content\/uploads\/2023\/08\/Stott-oss-illustrasjon-CF-2-1.png&raquo; title_text=&raquo;St\u00f8tt-oss-illustrasjon-CF-2&#8243; _builder_version=&raquo;4.21.0&#8243; _module_preset=&raquo;default&raquo; width=&raquo;65%&raquo; module_alignment=&raquo;center&raquo; global_colors_info=&raquo;{}&raquo;][\/et_pb_image][\/et_pb_column][et_pb_column type=&raquo;1_2&#8243; _builder_version=&raquo;4.21.0&#8243; _module_preset=&raquo;default&raquo; global_colors_info=&raquo;{}&raquo;][et_pb_text _builder_version=&raquo;4.21.0&#8243; _module_preset=&raquo;default&raquo; header_text_color=&raquo;#FFFFFF&raquo; header_2_font=&raquo;Poppins|600|||||||&raquo; header_2_text_color=&raquo;#FFFFFF&raquo; header_2_font_size=&raquo;30px&raquo; header_3_font=&raquo;Poppins||||||||&raquo; header_3_text_color=&raquo;#FFFFFF&raquo; header_3_font_size=&raquo;20px&raquo; header_3_line_height=&raquo;1.5em&raquo; custom_margin=&raquo;74px||18px|||&raquo; global_colors_info=&raquo;{}&raquo;]<\/p>\n<h2>Support us<\/h2>\n<h3>We are grateful for all<br \/>contributions to our work.<\/h3>\n<p>[\/et_pb_text][et_pb_button button_url=&raquo;@ET-DC@eyJkeW5hbWljIjp0cnVlLCJjb250ZW50IjoicG9zdF9saW5rX3VybF9wYWdlIiwic2V0dGluZ3MiOnsicG9zdF9pZCI6IjQ1NyJ9fQ==@&raquo; button_text=&raquo;LES HVORDAN HER&raquo; _builder_version=&raquo;4.21.0&#8243; _dynamic_attributes=&raquo;button_url&raquo; _module_preset=&raquo;default&raquo; custom_button=&raquo;on&raquo; button_text_size=&raquo;16px&raquo; button_text_color=&raquo;#FFFFFF&raquo; button_bg_color=&raquo;gcid-26e97d0d-b127-4ce1-b597-0df3fb01df24&#8243; button_border_width=&raquo;0px&raquo; button_border_radius=&raquo;100px&raquo; global_colors_info=&raquo;{%22gcid-26e97d0d-b127-4ce1-b597-0df3fb01df24%22:%91%22button_bg_color%22%93}&raquo;][\/et_pb_button][\/et_pb_column][\/et_pb_row][\/et_pb_section][et_pb_section fb_built=&raquo;1&#8243; disabled_on=&raquo;off|off|on&raquo; _builder_version=&raquo;4.21.0&#8243; _module_preset=&raquo;default&raquo; background_color=&raquo;gcid-edcc47c2-e936-4ba2-8e6c-8ca8cb2c2a05&#8243; custom_padding=&raquo;21px||0px||false|false&raquo; locked=&raquo;off&raquo; global_colors_info=&raquo;{%22gcid-edcc47c2-e936-4ba2-8e6c-8ca8cb2c2a05%22:%91%22background_color%22%93}&raquo;][et_pb_row _builder_version=&raquo;4.21.0&#8243; _module_preset=&raquo;default&raquo; custom_margin=&raquo;13px|auto|0px|auto|false|false&raquo; custom_padding=&raquo;7px||0px||false|false&raquo; global_colors_info=&raquo;{}&raquo;][et_pb_column type=&raquo;4_4&#8243; _builder_version=&raquo;4.21.0&#8243; _module_preset=&raquo;default&raquo; global_colors_info=&raquo;{}&raquo;][et_pb_text _builder_version=&raquo;4.21.0&#8243; _module_preset=&raquo;default&raquo; header_2_font=&raquo;Poppins|600|||||||&raquo; header_2_text_color=&raquo;#FFFFFF&raquo; header_2_font_size=&raquo;30px&raquo; header_3_font=&raquo;Poppins||||||||&raquo; header_3_text_color=&raquo;#FFFFFF&raquo; header_3_font_size=&raquo;20px&raquo; header_3_line_height=&raquo;1.5em&raquo; custom_margin=&raquo;26px|||||&raquo; global_colors_info=&raquo;{}&raquo;]<\/p>\n<h2>Support us<\/h2>\n<h3>We are grateful for all<br \/>contributions to our work.<\/h3>\n<p>[\/et_pb_text][et_pb_button button_url=&raquo;@ET-DC@eyJkeW5hbWljIjp0cnVlLCJjb250ZW50IjoicG9zdF9saW5rX3VybF9wYWdlIiwic2V0dGluZ3MiOnsicG9zdF9pZCI6IjQ1NyJ9fQ==@&raquo; button_text=&raquo;LES HVORDAN HER&raquo; _builder_version=&raquo;4.21.0&#8243; _dynamic_attributes=&raquo;button_url&raquo; _module_preset=&raquo;default&raquo; custom_button=&raquo;on&raquo; button_text_size=&raquo;16px&raquo; button_text_color=&raquo;#FFFFFF&raquo; button_bg_color=&raquo;gcid-26e97d0d-b127-4ce1-b597-0df3fb01df24&#8243; button_border_width=&raquo;0px&raquo; button_border_radius=&raquo;100px&raquo; custom_margin=&raquo;||11px|||&raquo; global_colors_info=&raquo;{%22gcid-26e97d0d-b127-4ce1-b597-0df3fb01df24%22:%91%22button_bg_color%22%93}&raquo;][\/et_pb_button][et_pb_image src=&raquo;https:\/\/cfnorge.bwod.dev\/wp-content\/uploads\/2023\/08\/Stott-oss-illustrasjon-CF-2-1.png&raquo; title_text=&raquo;St\u00f8tt-oss-illustrasjon-CF-2&#8243; _builder_version=&raquo;4.21.0&#8243; _module_preset=&raquo;default&raquo; max_width=&raquo;64%&raquo; max_width_tablet=&raquo;50%&raquo; max_width_phone=&raquo;50%&raquo; max_width_last_edited=&raquo;on|tablet&raquo; module_alignment=&raquo;right&raquo; custom_margin_tablet=&raquo;-40px||||false|false&raquo; custom_margin_phone=&raquo;-40px||||false|false&raquo; custom_margin_last_edited=&raquo;on|tablet&raquo; global_colors_info=&raquo;{}&raquo;][\/et_pb_image][\/et_pb_column][\/et_pb_row][\/et_pb_section]<\/p>","protected":false},"excerpt":{"rendered":"<p>Gjennom hvert \u00e5r arrangerer NCFC m\u00f8ter og treffpunkter for alle med CF og p\u00e5r\u00f8rende. Den st\u00f8rste og viktigste av disse er \u00e5rsm\u00f8tet og oppl\u00e6ringsdagen.  <\/p>","protected":false},"author":1,"featured_media":0,"parent":275,"menu_order":0,"comment_status":"closed","ping_status":"closed","template":"","meta":{"_et_pb_use_builder":"on","_et_pb_old_content":"","_et_gb_content_width":"","footnotes":""},"class_list":["post-474","page","type-page","status-publish","hentry"],"yoast_head":"<!-- This site is optimized with the Yoast SEO plugin v26.2 - https:\/\/yoast.com\/wordpress\/plugins\/seo\/ -->\n<title>M\u00f8ter og treffpunkt for NCFC - CF Norge<\/title>\n<meta name=\"description\" content=\"\u00c5rsm\u00f8tet og oppl\u00e6ringsdagen er de viktigste m\u00f8teplassene for mennesker med CF, familie og p\u00e5r\u00f8rende. Les her om flere m\u00f8ter og webinarer\" \/>\n<meta name=\"robots\" content=\"index, follow, max-snippet:-1, max-image-preview:large, max-video-preview:-1\" \/>\n<link rel=\"canonical\" href=\"https:\/\/cfnorge.no\/en\/om-oss\/moter-og-treffpunkt-for-ncfc\/\" \/>\n<meta property=\"og:locale\" content=\"en_GB\" \/>\n<meta property=\"og:type\" content=\"article\" \/>\n<meta property=\"og:title\" content=\"M\u00f8ter og treffpunkt for NCFC - CF Norge\" \/>\n<meta property=\"og:description\" content=\"\u00c5rsm\u00f8tet og oppl\u00e6ringsdagen er de viktigste m\u00f8teplassene for mennesker med CF, familie og p\u00e5r\u00f8rende. Les her om flere m\u00f8ter og webinarer\" \/>\n<meta property=\"og:url\" content=\"https:\/\/cfnorge.no\/en\/om-oss\/moter-og-treffpunkt-for-ncfc\/\" \/>\n<meta property=\"og:site_name\" content=\"CF Norge\" \/>\n<meta property=\"article:modified_time\" content=\"2025-06-25T10:28:53+00:00\" \/>\n<meta name=\"twitter:card\" content=\"summary_large_image\" \/>\n<meta name=\"twitter:label1\" content=\"Estimated reading time\" \/>\n\t<meta name=\"twitter:data1\" content=\"3 minutes\" \/>\n<script type=\"application\/ld+json\" class=\"yoast-schema-graph\">{\"@context\":\"https:\/\/schema.org\",\"@graph\":[{\"@type\":\"WebPage\",\"@id\":\"https:\/\/cfnorge.no\/om-oss\/moter-og-treffpunkt-for-ncfc\/\",\"url\":\"https:\/\/cfnorge.no\/om-oss\/moter-og-treffpunkt-for-ncfc\/\",\"name\":\"M\u00f8ter og treffpunkt for NCFC - CF Norge\",\"isPartOf\":{\"@id\":\"https:\/\/cfnorge.no\/#website\"},\"datePublished\":\"2023-09-18T07:09:26+00:00\",\"dateModified\":\"2025-06-25T10:28:53+00:00\",\"description\":\"\u00c5rsm\u00f8tet og oppl\u00e6ringsdagen er de viktigste m\u00f8teplassene for mennesker med CF, familie og p\u00e5r\u00f8rende. Les her om flere m\u00f8ter og webinarer\",\"breadcrumb\":{\"@id\":\"https:\/\/cfnorge.no\/om-oss\/moter-og-treffpunkt-for-ncfc\/#breadcrumb\"},\"inLanguage\":\"en-GB\",\"potentialAction\":[{\"@type\":\"ReadAction\",\"target\":[\"https:\/\/cfnorge.no\/om-oss\/moter-og-treffpunkt-for-ncfc\/\"]}]},{\"@type\":\"BreadcrumbList\",\"@id\":\"https:\/\/cfnorge.no\/om-oss\/moter-og-treffpunkt-for-ncfc\/#breadcrumb\",\"itemListElement\":[{\"@type\":\"ListItem\",\"position\":1,\"name\":\"Hjem\",\"item\":\"https:\/\/cfnorge.no\/\"},{\"@type\":\"ListItem\",\"position\":2,\"name\":\"Om oss\",\"item\":\"https:\/\/cfnorge.no\/om-oss\/\"},{\"@type\":\"ListItem\",\"position\":3,\"name\":\"M\u00f8ter og treffpunkt for NCFC\"}]},{\"@type\":\"WebSite\",\"@id\":\"https:\/\/cfnorge.no\/#website\",\"url\":\"https:\/\/cfnorge.no\/\",\"name\":\"CF Norge\",\"description\":\"\",\"publisher\":{\"@id\":\"https:\/\/cfnorge.no\/#organization\"},\"potentialAction\":[{\"@type\":\"SearchAction\",\"target\":{\"@type\":\"EntryPoint\",\"urlTemplate\":\"https:\/\/cfnorge.no\/?s={search_term_string}\"},\"query-input\":{\"@type\":\"PropertyValueSpecification\",\"valueRequired\":true,\"valueName\":\"search_term_string\"}}],\"inLanguage\":\"en-GB\"},{\"@type\":\"Organization\",\"@id\":\"https:\/\/cfnorge.no\/#organization\",\"name\":\"CF Norge\",\"url\":\"https:\/\/cfnorge.no\/\",\"logo\":{\"@type\":\"ImageObject\",\"inLanguage\":\"en-GB\",\"@id\":\"https:\/\/cfnorge.no\/#\/schema\/logo\/image\/\",\"url\":\"https:\/\/cfnorge.no\/wp-content\/uploads\/2024\/06\/CF-Horisontal-logo-2.png\",\"contentUrl\":\"https:\/\/cfnorge.no\/wp-content\/uploads\/2024\/06\/CF-Horisontal-logo-2.png\",\"width\":12334,\"height\":3827,\"caption\":\"CF Norge\"},\"image\":{\"@id\":\"https:\/\/cfnorge.no\/#\/schema\/logo\/image\/\"}}]}<\/script>\n<!-- \/ Yoast SEO plugin. -->","yoast_head_json":{"title":"M\u00f8ter og treffpunkt for NCFC - CF Norge","description":"\u00c5rsm\u00f8tet og oppl\u00e6ringsdagen er de viktigste m\u00f8teplassene for mennesker med CF, familie og p\u00e5r\u00f8rende. Les her om flere m\u00f8ter og webinarer","robots":{"index":"index","follow":"follow","max-snippet":"max-snippet:-1","max-image-preview":"max-image-preview:large","max-video-preview":"max-video-preview:-1"},"canonical":"https:\/\/cfnorge.no\/en\/om-oss\/moter-og-treffpunkt-for-ncfc\/","og_locale":"en_GB","og_type":"article","og_title":"M\u00f8ter og treffpunkt for NCFC - CF Norge","og_description":"\u00c5rsm\u00f8tet og oppl\u00e6ringsdagen er de viktigste m\u00f8teplassene for mennesker med CF, familie og p\u00e5r\u00f8rende. Les her om flere m\u00f8ter og webinarer","og_url":"https:\/\/cfnorge.no\/en\/om-oss\/moter-og-treffpunkt-for-ncfc\/","og_site_name":"CF Norge","article_modified_time":"2025-06-25T10:28:53+00:00","twitter_card":"summary_large_image","twitter_misc":{"Estimated reading time":"3 minutes"},"schema":{"@context":"https:\/\/schema.org","@graph":[{"@type":"WebPage","@id":"https:\/\/cfnorge.no\/om-oss\/moter-og-treffpunkt-for-ncfc\/","url":"https:\/\/cfnorge.no\/om-oss\/moter-og-treffpunkt-for-ncfc\/","name":"M\u00f8ter og treffpunkt for NCFC - CF Norge","isPartOf":{"@id":"https:\/\/cfnorge.no\/#website"},"datePublished":"2023-09-18T07:09:26+00:00","dateModified":"2025-06-25T10:28:53+00:00","description":"\u00c5rsm\u00f8tet og oppl\u00e6ringsdagen er de viktigste m\u00f8teplassene for mennesker med CF, familie og p\u00e5r\u00f8rende. Les her om flere m\u00f8ter og webinarer","breadcrumb":{"@id":"https:\/\/cfnorge.no\/om-oss\/moter-og-treffpunkt-for-ncfc\/#breadcrumb"},"inLanguage":"en-GB","potentialAction":[{"@type":"ReadAction","target":["https:\/\/cfnorge.no\/om-oss\/moter-og-treffpunkt-for-ncfc\/"]}]},{"@type":"BreadcrumbList","@id":"https:\/\/cfnorge.no\/om-oss\/moter-og-treffpunkt-for-ncfc\/#breadcrumb","itemListElement":[{"@type":"ListItem","position":1,"name":"Hjem","item":"https:\/\/cfnorge.no\/"},{"@type":"ListItem","position":2,"name":"Om oss","item":"https:\/\/cfnorge.no\/om-oss\/"},{"@type":"ListItem","position":3,"name":"M\u00f8ter og treffpunkt for NCFC"}]},{"@type":"WebSite","@id":"https:\/\/cfnorge.no\/#website","url":"https:\/\/cfnorge.no\/","name":"CF Norge","description":"","publisher":{"@id":"https:\/\/cfnorge.no\/#organization"},"potentialAction":[{"@type":"SearchAction","target":{"@type":"EntryPoint","urlTemplate":"https:\/\/cfnorge.no\/?s={search_term_string}"},"query-input":{"@type":"PropertyValueSpecification","valueRequired":true,"valueName":"search_term_string"}}],"inLanguage":"en-GB"},{"@type":"Organization","@id":"https:\/\/cfnorge.no\/#organization","name":"CF Norge","url":"https:\/\/cfnorge.no\/","logo":{"@type":"ImageObject","inLanguage":"en-GB","@id":"https:\/\/cfnorge.no\/#\/schema\/logo\/image\/","url":"https:\/\/cfnorge.no\/wp-content\/uploads\/2024\/06\/CF-Horisontal-logo-2.png","contentUrl":"https:\/\/cfnorge.no\/wp-content\/uploads\/2024\/06\/CF-Horisontal-logo-2.png","width":12334,"height":3827,"caption":"CF Norge"},"image":{"@id":"https:\/\/cfnorge.no\/#\/schema\/logo\/image\/"}}]}},"_links":{"self":[{"href":"https:\/\/cfnorge.no\/en\/wp-json\/wp\/v2\/pages\/474","targetHints":{"allow":["GET"]}}],"collection":[{"href":"https:\/\/cfnorge.no\/en\/wp-json\/wp\/v2\/pages"}],"about":[{"href":"https:\/\/cfnorge.no\/en\/wp-json\/wp\/v2\/types\/page"}],"author":[{"embeddable":true,"href":"https:\/\/cfnorge.no\/en\/wp-json\/wp\/v2\/users\/1"}],"replies":[{"embeddable":true,"href":"https:\/\/cfnorge.no\/en\/wp-json\/wp\/v2\/comments?post=474"}],"version-history":[{"count":30,"href":"https:\/\/cfnorge.no\/en\/wp-json\/wp\/v2\/pages\/474\/revisions"}],"predecessor-version":[{"id":2222,"href":"https:\/\/cfnorge.no\/en\/wp-json\/wp\/v2\/pages\/474\/revisions\/2222"}],"up":[{"embeddable":true,"href":"https:\/\/cfnorge.no\/en\/wp-json\/wp\/v2\/pages\/275"}],"wp:attachment":[{"href":"https:\/\/cfnorge.no\/en\/wp-json\/wp\/v2\/media?parent=474"}],"curies":[{"name":"wp","href":"https:\/\/api.w.org\/{rel}","templated":true}]}}